{"id":1407,"date":"2021-08-27T21:08:00","date_gmt":"2021-08-28T01:08:00","guid":{"rendered":"http:\/\/mouleesdunord.com\/?page_id=1407\/"},"modified":"2021-09-10T14:15:56","modified_gmt":"2021-09-10T18:15:56","slug":"obedience-courses","status":"publish","type":"page","link":"https:\/\/mouleesdunord.com\/en\/obedience-courses\/","title":{"rendered":"Obedience Courses"},"content":{"rendered":"<p class=\"p1\"><strong>Moul\u00e9es du Nord<\/strong> se veut un passage accueillant vers un monde de bien-\u00eatre et de joie. Ici, le client est entendu et accompagn\u00e9 pour que ses besoins et aspirations soient remplis. Ensemble, l\u2019animal et l\u2019humain d\u00e9couvrent un lieu qui les soutienne vers la route du bien-\u00eatre \u00e0 travers les saisons de la vie.<\/p>\n<p class=\"p1\">\u00c0 l\u2019<strong>Acad\u00e9mie Moul\u00e9es du Nord<\/strong> tous nos cours sont bas\u00e9s sur le renforcement positif. Notre objectif est de cr\u00e9er des moments de plaisir partag\u00e9s entre le ma\u00eetre et son chien. Notre m\u00e9thode qui repose sur l\u2019\u00e9ducation a pour but de favoriser et de renforcer les bons comportements, une bonne communication et une bonne relation.<\/p>\n<h2 class=\"p1\" style=\"text-align: center;\">Entra\u00eeneuse canin: Karine Savoie<\/h2>\n<p><img decoding=\"async\" class=\"alignnone size-medium wp-image-1410\" src=\"http:\/\/mouleesdunord.com\/wp-content\/uploads\/2021\/08\/20190814_112523.jpg\" alt=\"\" width=\"1\" height=\"1\" \/><img decoding=\"async\" class=\"size-medium wp-image-1416 aligncenter\" src=\"http:\/\/mouleesdunord.com\/wp-content\/uploads\/2021\/08\/UNADJUSTEDNONRAW_thumb_2cb0-225x300.jpg\" alt=\"\" width=\"225\" height=\"300\" srcset=\"https:\/\/mouleesdunord.com\/wp-content\/uploads\/2021\/08\/UNADJUSTEDNONRAW_thumb_2cb0-225x300.jpg 225w, https:\/\/mouleesdunord.com\/wp-content\/uploads\/2021\/08\/UNADJUSTEDNONRAW_thumb_2cb0-624x832.jpg 624w, https:\/\/mouleesdunord.com\/wp-content\/uploads\/2021\/08\/UNADJUSTEDNONRAW_thumb_2cb0.jpg 768w\" sizes=\"(max-width: 225px) 100vw, 225px\" \/><\/p>\n<h2 class=\"p1\" style=\"text-align: center;\"><strong>Cours priv\u00e9:<\/strong><\/h2>\n<p class=\"p1\" style=\"text-align: center;\"><strong>Dur\u00e9e:<\/strong> 1 heure<\/p>\n<p class=\"p1\" style=\"text-align: center;\"><strong>Co\u00fbt:<\/strong> 60$ + taxe<\/p>\n<p class=\"p1\" style=\"text-align: center;\">Contenu du cours:\u00a0Selon les besoins.<\/p>\n<h2 class=\"p1\" style=\"text-align: center;\"><strong>Cours de maternelle:<\/strong><\/h2>\n<p class=\"p1\" style=\"text-align: center;\"><strong>Dur\u00e9e:<\/strong> 5 cours d\u2019une heure<\/p>\n<p class=\"p1\" style=\"text-align: center;\"><strong>Co\u00fbt:<\/strong> 150$ + taxe Pr\u00e9 requis: Le chiot doit \u00eatre \u00e2g\u00e9 entre 8 et 16 semaines.<\/p>\n<p class=\"p1\"><strong>Contenu du cours:<\/strong><\/p>\n<p class=\"p1\">Le cours de maternelle a pour but de partir du bon pieds avec son chiot. Conna\u00eetre et apprendre la base vous permettra de d\u00e9velopper une relation des plus enrichissantes avec votre compagnon.<\/p>\n<p class=\"p1\">Les principaux sujets abord\u00e9s:<\/p>\n<p class=\"p1\">\u25cf Le langage canin<\/p>\n<p class=\"p1\">\u25cf La propret\u00e9<\/p>\n<p class=\"p1\">\u25cf L\u2019introduction \u00e0 la cage<\/p>\n<p class=\"p1\">\u25cf La socialisation<\/p>\n<p class=\"p1\">\u25cf L\u2019encadrement<\/p>\n<p class=\"p1\">\u25cf Le mordillage<\/p>\n<p class=\"p1\">\u25cf Introduction \u00e0 l\u2019alimentation<\/p>\n<p class=\"p1\">\u25cf Bien r\u00e9compenser son chien<\/p>\n<p class=\"p1\">\u25cf Fournir les soins physique de base<\/p>\n<p class=\"p1\"><strong>Pratique :<\/strong><\/p>\n<p class=\"p1\">\u25cf Introduction au toilettage et manipulation<\/p>\n<p class=\"p1\">\u25cf Commandes de base : assis, coucher, attend, viens. \u25cf Sorties contr\u00f4l\u00e9s \u00e0 a porte<\/p>\n<p class=\"p1\">\u25cf Fixe ou regarde<\/p>\n<p class=\"p1\">\u25cf Introduction \u00e0 la marche au pied<\/p>\n<h2 class=\"p1\" style=\"text-align: center;\"><strong>Cours d\u2019ob\u00e9issance de base niveau 1<\/strong><\/h2>\n<p class=\"p1\" style=\"text-align: center;\"><strong>Dur\u00e9e:<\/strong> 6 cours d\u2019une heure<\/p>\n<p class=\"p1\" style=\"text-align: center;\"><strong>Co\u00fbt:<\/strong> 180$ + taxe<\/p>\n<p class=\"p1\" style=\"text-align: center;\"><strong>Pr\u00e9 requis:<\/strong> Le chien doit \u00eatre \u00e2g\u00e9 d\u2019au moins 16 semaines et sans probl\u00e8me d\u2019agressivit\u00e9.<\/p>\n<p class=\"p1\"><strong>Contenu du cours:<\/strong><\/p>\n<p class=\"p1\">Le cours de groupe permet \u00e0 votre chien de vivre une exp\u00e9rience entour\u00e9 de ses cong\u00e9n\u00e8res et d\u2019\u00e9trangers ou d\u2019approfondir cette exp\u00e9rience v\u00e9cue \u00e0 la maternelle pour chiot.<\/p>\n<p class=\"p1\">\u2022 Diminution du niveau d\u2019\u00e9nergie par le travail mental<\/p>\n<p class=\"p1\">\u2022 Captation de l\u2019attention<\/p>\n<p class=\"p1\">\u2022 Commandes de base (assis, coucher, viens,<\/p>\n<p class=\"p1\">attend, debout, retour au pied, devant).<\/p>\n<p class=\"p1\">\u2022 Marche au pied avec changement de direction et de cadence<\/p>\n<p class=\"p1\">\u2022 Entra\u00eenement au quotidien et par le jeu<\/p>\n<h2 class=\"p1\" style=\"text-align: center;\"><strong>Cours d\u2019ob\u00e9issance de base niveau 2<\/strong><\/h2>\n<p class=\"p1\" style=\"text-align: center;\"><strong>Dur\u00e9e:<\/strong> 6 cours d\u2019une heure<\/p>\n<p class=\"p1\" style=\"text-align: center;\"><strong>Co\u00fbt:<\/strong> 180$ + taxe<\/p>\n<p class=\"p1\" style=\"text-align: center;\"><strong>Pr\u00e9 requis:<\/strong> Le chien doit avoir r\u00e9ussi le cours d\u2019ob\u00e9issance de base niveau 1.<\/p>\n<p class=\"p1\"><strong>Contenu du cours en laisse ET sans laisse:<\/strong><\/p>\n<p class=\"p1\">Le cours de groupe permet \u00e0 votre chien de vivre une exp\u00e9rience entour\u00e9 de ses cong\u00e9n\u00e8res et d\u2019\u00e9trangers ou d\u2019approfondir cette exp\u00e9rience v\u00e9cue \u00e0 la maternelle pour chiot.<\/p>\n<p class=\"p1\">\u2022 Commandes de base (appris niveau 1) avec pr\u00e9cision et rapidit\u00e9<\/p>\n<p class=\"p1\">\u2022 Introduction au sans-laisse<\/p>\n<p class=\"p1\">\u2022 Marche au pied avec chiens qui se croisent \u2022 Commandes \u00e0 distance et par signes<\/p>\n<p class=\"p1\">\u2022 Distractions durant les rappels<\/p>\n<p class=\"p1\">\u2022 Nouvelles commandes : debout-reste; assis-reste, coucher-reste prolong\u00e9s<\/p>\n<h2 class=\"p1\" style=\"text-align: center;\">Cours d\u2019ob\u00e9issance de base niveau 3<\/h2>\n<p class=\"p1\" style=\"text-align: center;\"><strong>Dur\u00e9e:<\/strong> 6 cours d\u2019une heure<\/p>\n<p class=\"p1\" style=\"text-align: center;\"><strong>Co\u00fbt:<\/strong> 180$ + taxe<\/p>\n<p class=\"p1\" style=\"text-align: center;\"><strong>Pr\u00e9 requis:<\/strong> Le chien doit avoir r\u00e9ussi le cours d\u2019ob\u00e9issance de base niveau 2.<\/p>\n<p class=\"p1\"><strong>Contenu du cours SANS laisse:<\/strong><\/p>\n<p class=\"p1\">Ce cours plus avanc\u00e9 reprend les connaissances acquises du niveau 2 et les d\u00e9veloppent en profondeur. Des distractions et des difficult\u00e9s sont rajout\u00e9es. Le chien ma\u00eetrise les commandes sans laisse. Introduction aux jeux.<\/p>\n<h3 class=\"p1\" style=\"text-align: center;\"><strong>INFORMATIONS G\u00c9N\u00c9RALES POUR TOUS LES COURS<\/strong><\/h3>\n<p>&nbsp;<\/p>\n<h3 class=\"p1\" style=\"text-align: center;\">\u00c9quipement requis:<\/h3>\n<p class=\"p1\">\u2022 Laisse de 4\u2019 ou 6\u2019 en nylon ou en cuir.<\/p>\n<p class=\"p1\">\u2022 Collier plat, collier de t\u00eate (licou) ou harnais de contr\u00f4le.<\/p>\n<p class=\"p1\">\u2022 Pochette \u00e0 g\u00e2terie et g\u00e2teries attrayantes.<\/p>\n<p class=\"p1\">\u2022 Tenue d\u00e9contract\u00e9e et souliers confortables (recommand\u00e9s).<\/p>\n<h3 class=\"p1\" style=\"text-align: center;\">R\u00e8gles de fonctionnement du cours:<\/h3>\n<p>&nbsp;<\/p>\n<p class=\"p1\">\u2022 Arriver \u00e0 l\u2019heure et soyez pr\u00e9sent, sauf en cas d\u2019exception.<\/p>\n<p class=\"p1\">\u2022 Vous \u00eates responsable en tout temps de votre chien.<\/p>\n<p class=\"p1\">\u2022 Gardez une distance raisonnable (min. 2 m\u00e8tres) et \u00e9vitez les contacts entre les chiens avant et pendant les cours (sauf maternelle).<\/p>\n<p class=\"p1\">\u2022 Aucun comportement agressif n\u2019est tol\u00e9r\u00e9 sous peine d\u2019expulsion.<\/p>\n<p class=\"p1\">\u2022 Le remplacement d\u2019un cours non suivi n\u2019est pas garanti.<\/p>\n<p class=\"p1\">\u2022 Les cours ne sont pas remboursables.<\/p>\n<p class=\"p1\">\u2022 Les r\u00e9sultats ne sont pas garantis, ils d\u00e9pendent en grande partie de l\u2019effort fourni par le participant.<\/p>\n","protected":false},"excerpt":{"rendered":"<p>Moul\u00e9es du Nord se veut un passage accueillant vers un monde de bien-\u00eatre et de joie. Ici, le client est entendu et accompagn\u00e9 pour que ses besoins et aspirations soient remplis. Ensemble, l\u2019animal et l\u2019humain d\u00e9couvrent un lieu qui les soutienne vers la route du bien-\u00eatre \u00e0 travers les saisons de la vie. \u00c0 l\u2019Acad\u00e9mie&hellip; <a href=\"https:\/\/mouleesdunord.com\/en\/obedience-courses\/\" class=\"more-link\">Continue reading <span class=\"screen-reader-text\">Obedience Courses<\/span><\/a><\/p>\n","protected":false},"author":8,"featured_media":0,"parent":0,"menu_order":0,"comment_status":"closed","ping_status":"closed","template":"","meta":{"_acf_changed":false,"footnotes":""},"class_list":["post-1407","page","type-page","status-publish","hentry","without-featured-image"],"acf":[],"yoast_head":"<!-- This site is optimized with the Yoast SEO plugin v26.8 - https:\/\/yoast.com\/product\/yoast-seo-wordpress\/ -->\n<title>Obedience Courses - Moul\u00e9es du Nord<\/title>\n<meta name=\"robots\" content=\"index, follow, max-snippet:-1, max-image-preview:large, max-video-preview:-1\" \/>\n<link rel=\"canonical\" href=\"https:\/\/mouleesdunord.com\/obedience-courses\/\" \/>\n<meta property=\"og:locale\" content=\"en_US\" \/>\n<meta property=\"og:type\" content=\"article\" \/>\n<meta property=\"og:title\" content=\"Obedience Courses - Moul\u00e9es du Nord\" \/>\n<meta property=\"og:description\" content=\"Moul\u00e9es du Nord se veut un passage accueillant vers un monde de bien-\u00eatre et de joie. Ici, le client est entendu et accompagn\u00e9 pour que ses besoins et aspirations soient remplis. Ensemble, l\u2019animal et l\u2019humain d\u00e9couvrent un lieu qui les soutienne vers la route du bien-\u00eatre \u00e0 travers les saisons de la vie. \u00c0 l\u2019Acad\u00e9mie&hellip; Continue reading Obedience Courses\" \/>\n<meta property=\"og:url\" content=\"https:\/\/mouleesdunord.com\/obedience-courses\/\" \/>\n<meta property=\"og:site_name\" content=\"Moul\u00e9es du Nord\" \/>\n<meta property=\"article:modified_time\" content=\"2021-09-10T18:15:56+00:00\" \/>\n<meta property=\"og:image\" content=\"http:\/\/mouleesdunord.com\/wp-content\/uploads\/2021\/08\/20190814_112523.jpg\" \/>\n<meta name=\"twitter:card\" content=\"summary_large_image\" \/>\n<meta name=\"twitter:label1\" content=\"Est. reading time\" \/>\n\t<meta name=\"twitter:data1\" content=\"3 minutes\" \/>\n<script type=\"application\/ld+json\" class=\"yoast-schema-graph\">{\"@context\":\"https:\/\/schema.org\",\"@graph\":[{\"@type\":\"WebPage\",\"@id\":\"https:\/\/mouleesdunord.com\/obedience-courses\/\",\"url\":\"https:\/\/mouleesdunord.com\/obedience-courses\/\",\"name\":\"Obedience Courses - Moul\u00e9es du Nord\",\"isPartOf\":{\"@id\":\"https:\/\/mouleesdunord.com\/#website\"},\"primaryImageOfPage\":{\"@id\":\"https:\/\/mouleesdunord.com\/obedience-courses\/#primaryimage\"},\"image\":{\"@id\":\"https:\/\/mouleesdunord.com\/obedience-courses\/#primaryimage\"},\"thumbnailUrl\":\"http:\/\/mouleesdunord.com\/wp-content\/uploads\/2021\/08\/20190814_112523.jpg\",\"datePublished\":\"2021-08-28T01:08:00+00:00\",\"dateModified\":\"2021-09-10T18:15:56+00:00\",\"breadcrumb\":{\"@id\":\"https:\/\/mouleesdunord.com\/obedience-courses\/#breadcrumb\"},\"inLanguage\":\"en-US\",\"potentialAction\":[{\"@type\":\"ReadAction\",\"target\":[\"https:\/\/mouleesdunord.com\/obedience-courses\/\"]}]},{\"@type\":\"ImageObject\",\"inLanguage\":\"en-US\",\"@id\":\"https:\/\/mouleesdunord.com\/obedience-courses\/#primaryimage\",\"url\":\"http:\/\/mouleesdunord.com\/wp-content\/uploads\/2021\/08\/20190814_112523.jpg\",\"contentUrl\":\"http:\/\/mouleesdunord.com\/wp-content\/uploads\/2021\/08\/20190814_112523.jpg\"},{\"@type\":\"BreadcrumbList\",\"@id\":\"https:\/\/mouleesdunord.com\/obedience-courses\/#breadcrumb\",\"itemListElement\":[{\"@type\":\"ListItem\",\"position\":1,\"name\":\"Accueil\",\"item\":\"https:\/\/mouleesdunord.com\/home\/\"},{\"@type\":\"ListItem\",\"position\":2,\"name\":\"Obedience Courses\"}]},{\"@type\":\"WebSite\",\"@id\":\"https:\/\/mouleesdunord.com\/#website\",\"url\":\"https:\/\/mouleesdunord.com\/\",\"name\":\"Moul\u00e9es du Nord\",\"description\":\"\",\"publisher\":{\"@id\":\"https:\/\/mouleesdunord.com\/#organization\"},\"potentialAction\":[{\"@type\":\"SearchAction\",\"target\":{\"@type\":\"EntryPoint\",\"urlTemplate\":\"https:\/\/mouleesdunord.com\/?s={search_term_string}\"},\"query-input\":{\"@type\":\"PropertyValueSpecification\",\"valueRequired\":true,\"valueName\":\"search_term_string\"}}],\"inLanguage\":\"en-US\"},{\"@type\":\"Organization\",\"@id\":\"https:\/\/mouleesdunord.com\/#organization\",\"name\":\"Moul\u00e9es du Nord\",\"url\":\"https:\/\/mouleesdunord.com\/\",\"logo\":{\"@type\":\"ImageObject\",\"inLanguage\":\"en-US\",\"@id\":\"https:\/\/mouleesdunord.com\/#\/schema\/logo\/image\/\",\"url\":\"https:\/\/mouleesdunord.com\/wp-content\/uploads\/2026\/02\/cropped-MouleesduNord_logo_sainte-adele_site.jpg\",\"contentUrl\":\"https:\/\/mouleesdunord.com\/wp-content\/uploads\/2026\/02\/cropped-MouleesduNord_logo_sainte-adele_site.jpg\",\"width\":530,\"height\":447,\"caption\":\"Moul\u00e9es du Nord\"},\"image\":{\"@id\":\"https:\/\/mouleesdunord.com\/#\/schema\/logo\/image\/\"}}]}<\/script>\n<!-- \/ Yoast SEO plugin. -->","yoast_head_json":{"title":"Obedience Courses - Moul\u00e9es du Nord","robots":{"index":"index","follow":"follow","max-snippet":"max-snippet:-1","max-image-preview":"max-image-preview:large","max-video-preview":"max-video-preview:-1"},"canonical":"https:\/\/mouleesdunord.com\/obedience-courses\/","og_locale":"en_US","og_type":"article","og_title":"Obedience Courses - Moul\u00e9es du Nord","og_description":"Moul\u00e9es du Nord se veut un passage accueillant vers un monde de bien-\u00eatre et de joie. Ici, le client est entendu et accompagn\u00e9 pour que ses besoins et aspirations soient remplis. Ensemble, l\u2019animal et l\u2019humain d\u00e9couvrent un lieu qui les soutienne vers la route du bien-\u00eatre \u00e0 travers les saisons de la vie. \u00c0 l\u2019Acad\u00e9mie&hellip; Continue reading Obedience Courses","og_url":"https:\/\/mouleesdunord.com\/obedience-courses\/","og_site_name":"Moul\u00e9es du Nord","article_modified_time":"2021-09-10T18:15:56+00:00","og_image":[{"url":"http:\/\/mouleesdunord.com\/wp-content\/uploads\/2021\/08\/20190814_112523.jpg","type":"","width":"","height":""}],"twitter_card":"summary_large_image","twitter_misc":{"Est. reading time":"3 minutes"},"schema":{"@context":"https:\/\/schema.org","@graph":[{"@type":"WebPage","@id":"https:\/\/mouleesdunord.com\/obedience-courses\/","url":"https:\/\/mouleesdunord.com\/obedience-courses\/","name":"Obedience Courses - Moul\u00e9es du Nord","isPartOf":{"@id":"https:\/\/mouleesdunord.com\/#website"},"primaryImageOfPage":{"@id":"https:\/\/mouleesdunord.com\/obedience-courses\/#primaryimage"},"image":{"@id":"https:\/\/mouleesdunord.com\/obedience-courses\/#primaryimage"},"thumbnailUrl":"http:\/\/mouleesdunord.com\/wp-content\/uploads\/2021\/08\/20190814_112523.jpg","datePublished":"2021-08-28T01:08:00+00:00","dateModified":"2021-09-10T18:15:56+00:00","breadcrumb":{"@id":"https:\/\/mouleesdunord.com\/obedience-courses\/#breadcrumb"},"inLanguage":"en-US","potentialAction":[{"@type":"ReadAction","target":["https:\/\/mouleesdunord.com\/obedience-courses\/"]}]},{"@type":"ImageObject","inLanguage":"en-US","@id":"https:\/\/mouleesdunord.com\/obedience-courses\/#primaryimage","url":"http:\/\/mouleesdunord.com\/wp-content\/uploads\/2021\/08\/20190814_112523.jpg","contentUrl":"http:\/\/mouleesdunord.com\/wp-content\/uploads\/2021\/08\/20190814_112523.jpg"},{"@type":"BreadcrumbList","@id":"https:\/\/mouleesdunord.com\/obedience-courses\/#breadcrumb","itemListElement":[{"@type":"ListItem","position":1,"name":"Accueil","item":"https:\/\/mouleesdunord.com\/home\/"},{"@type":"ListItem","position":2,"name":"Obedience Courses"}]},{"@type":"WebSite","@id":"https:\/\/mouleesdunord.com\/#website","url":"https:\/\/mouleesdunord.com\/","name":"Moul\u00e9es du Nord","description":"","publisher":{"@id":"https:\/\/mouleesdunord.com\/#organization"},"potentialAction":[{"@type":"SearchAction","target":{"@type":"EntryPoint","urlTemplate":"https:\/\/mouleesdunord.com\/?s={search_term_string}"},"query-input":{"@type":"PropertyValueSpecification","valueRequired":true,"valueName":"search_term_string"}}],"inLanguage":"en-US"},{"@type":"Organization","@id":"https:\/\/mouleesdunord.com\/#organization","name":"Moul\u00e9es du Nord","url":"https:\/\/mouleesdunord.com\/","logo":{"@type":"ImageObject","inLanguage":"en-US","@id":"https:\/\/mouleesdunord.com\/#\/schema\/logo\/image\/","url":"https:\/\/mouleesdunord.com\/wp-content\/uploads\/2026\/02\/cropped-MouleesduNord_logo_sainte-adele_site.jpg","contentUrl":"https:\/\/mouleesdunord.com\/wp-content\/uploads\/2026\/02\/cropped-MouleesduNord_logo_sainte-adele_site.jpg","width":530,"height":447,"caption":"Moul\u00e9es du Nord"},"image":{"@id":"https:\/\/mouleesdunord.com\/#\/schema\/logo\/image\/"}}]}},"_links":{"self":[{"href":"https:\/\/mouleesdunord.com\/en\/wp-json\/wp\/v2\/pages\/1407","targetHints":{"allow":["GET"]}}],"collection":[{"href":"https:\/\/mouleesdunord.com\/en\/wp-json\/wp\/v2\/pages"}],"about":[{"href":"https:\/\/mouleesdunord.com\/en\/wp-json\/wp\/v2\/types\/page"}],"author":[{"embeddable":true,"href":"https:\/\/mouleesdunord.com\/en\/wp-json\/wp\/v2\/users\/8"}],"replies":[{"embeddable":true,"href":"https:\/\/mouleesdunord.com\/en\/wp-json\/wp\/v2\/comments?post=1407"}],"version-history":[{"count":6,"href":"https:\/\/mouleesdunord.com\/en\/wp-json\/wp\/v2\/pages\/1407\/revisions"}],"predecessor-version":[{"id":1467,"href":"https:\/\/mouleesdunord.com\/en\/wp-json\/wp\/v2\/pages\/1407\/revisions\/1467"}],"wp:attachment":[{"href":"https:\/\/mouleesdunord.com\/en\/wp-json\/wp\/v2\/media?parent=1407"}],"curies":[{"name":"wp","href":"https:\/\/api.w.org\/{rel}","templated":true}]}}